{"id":30,"date":"2016-11-28T20:26:35","date_gmt":"2016-11-28T20:26:35","guid":{"rendered":"http:\/\/blumensimon.de\/?page_id=30"},"modified":"2024-11-16T11:33:32","modified_gmt":"2024-11-16T11:33:32","slug":"das-blumenhaus","status":"publish","type":"page","link":"https:\/\/blumensimon.de\/?page_id=30","title":{"rendered":"Das Blumenhaus"},"content":{"rendered":"<p><img loading=\"lazy\" decoding=\"async\" class=\"alignleft wp-image-33 size-thumbnail\" src=\"https:\/\/blumensimon.de\/wp-content\/uploads\/2016\/11\/accessoires1-150x150.jpg\" alt=\"accessoires1\" width=\"150\" height=\"150\" \/>In unserem Blumenhaus finden Sie Schnittblumen und Str\u00e4u\u00dfe in allen Variationen.<\/p>\n<p>Wir bieten Ihnen f\u00fcr jeden Garten und f\u00fcr jedes Heim die richtige Pflanze f\u00fcr ein perfektes Ambiente.<\/p>\n<h2><\/h2>\n<h2>Adresse und \u00d6ffnungszeiten<\/h2>\n<p>Im Kienborn 8<br \/>\n56368 Katzenelnbogen<\/p>\n<p>Telefon: 06486 &#8211; 62 47<br \/>\nMobil: 0172 &#8211; 6420393<br \/>\nTelefax: 06486 &#8211; 911155<br \/>\neMail: <a href=\"mailto:mail@blumensimon.de\">mail@blumensimon.de<\/a><\/p>\n<p><em>Mo, Di, Do und Fr:<\/em>\u00a08 &#8211; 12 Uhr und 14 &#8211; 18 Uhr<br \/>\n<em>Mi:<\/em> 8 &#8211; 12 Uhr, Nachmittag geschlossen<br \/>\n<em>Sa:<\/em> 8 &#8211; 13 Uhr<\/p>\n<p>Sie finden eine Auswahl\u00a0unserer Blumenangebote auch bei der Raiffeisen Tankstelle Katzenelnbogen!<\/p>\n<p><a href=\"https:\/\/www.fleurop.de\/partnerfloristen\/fleurop-filialen\/56368-katzenelnbogen\/simon-markus-im-kienborn-8\" target=\"_blank\" rel=\"noopener noreferrer\"><img loading=\"lazy\" decoding=\"async\" class=\"alignnone wp-image-42 size-full\" src=\"https:\/\/blumensimon.de\/wp-content\/uploads\/2016\/11\/fleurop_logo.png\" alt=\"Fleurop. Sie bestellen, Wir liefern.\" width=\"188\" height=\"64\" \/><\/a><\/p>\n<p><a href=\"https:\/\/www.fleurop.de\/partnerfloristen\/fleurop-filialen\/56368-katzenelnbogen\/simon-markus-im-kienborn-8\" target=\"_blank\" rel=\"noopener noreferrer\">Wir sind Fleurop-Partner!<\/a><\/p>\n","protected":false},"excerpt":{"rendered":"<p>In unserem Blumenhaus finden Sie Schnittblumen und Str\u00e4u\u00dfe in allen Variationen. Wir bieten Ihnen f\u00fcr jeden Garten und f\u00fcr jedes Heim die richtige Pflanze f\u00fcr ein perfektes Ambiente. Adresse und &#8230;<\/p>\n","protected":false},"author":1,"featured_media":0,"parent":0,"menu_order":0,"comment_status":"closed","ping_status":"closed","template":"","meta":{"footnotes":""},"class_list":["post-30","page","type-page","status-publish","hentry"],"_links":{"self":[{"href":"https:\/\/blumensimon.de\/index.php?rest_route=\/wp\/v2\/pages\/30","targetHints":{"allow":["GET"]}}],"collection":[{"href":"https:\/\/blumensimon.de\/index.php?rest_route=\/wp\/v2\/pages"}],"about":[{"href":"https:\/\/blumensimon.de\/index.php?rest_route=\/wp\/v2\/types\/page"}],"author":[{"embeddable":true,"href":"https:\/\/blumensimon.de\/index.php?rest_route=\/wp\/v2\/users\/1"}],"replies":[{"embeddable":true,"href":"https:\/\/blumensimon.de\/index.php?rest_route=%2Fwp%2Fv2%2Fcomments&post=30"}],"version-history":[{"count":11,"href":"https:\/\/blumensimon.de\/index.php?rest_route=\/wp\/v2\/pages\/30\/revisions"}],"predecessor-version":[{"id":291,"href":"https:\/\/blumensimon.de\/index.php?rest_route=\/wp\/v2\/pages\/30\/revisions\/291"}],"wp:attachment":[{"href":"https:\/\/blumensimon.de\/index.php?rest_route=%2Fwp%2Fv2%2Fmedia&parent=30"}],"curies":[{"name":"wp","href":"https:\/\/api.w.org\/{rel}","templated":true}]}}